{"id":555,"date":"2019-05-10T10:32:01","date_gmt":"2019-05-10T08:32:01","guid":{"rendered":"http:\/\/www.air-promenade.com\/site\/?page_id=555"},"modified":"2022-03-08T08:28:45","modified_gmt":"2022-03-08T07:28:45","slug":"mentions-legales","status":"publish","type":"page","link":"https:\/\/www.airpromenade.com\/site\/mentions-legales\/","title":{"rendered":"Mentions l\u00e9gales"},"content":{"rendered":"<p>[et_pb_section fb_built=\u00a0\u00bb1&Prime; fullwidth=\u00a0\u00bbon\u00a0\u00bb _builder_version=\u00a0\u00bb3.0.47&Prime;][et_pb_fullwidth_image src=\u00a0\u00bbhttps:\/\/www.air-promenade.com\/site\/wp-content\/uploads\/2019\/04\/ima-entete-presentation-fr.jpg\u00a0\u00bb _builder_version=\u00a0\u00bb3.19.4&Prime;]<br \/>\n[\/et_pb_fullwidth_image][\/et_pb_section][et_pb_section fb_built=\u00a0\u00bb1&Prime; _builder_version=\u00a0\u00bb3.0.47&Prime;][et_pb_row _builder_version=\u00a0\u00bb3.19.4&Prime;][et_pb_column type=\u00a0\u00bb1_5&Prime; _builder_version=\u00a0\u00bb3.0.47&Prime; parallax=\u00a0\u00bboff\u00a0\u00bb parallax_method=\u00a0\u00bbon\u00a0\u00bb][\/et_pb_column][et_pb_column type=\u00a0\u00bb3_5&Prime; _builder_version=\u00a0\u00bb3.0.47&Prime; parallax=\u00a0\u00bboff\u00a0\u00bb parallax_method=\u00a0\u00bbon\u00a0\u00bb][et_pb_text _builder_version=\u00a0\u00bb3.19.4&Prime; header_font=\u00a0\u00bbMontserrat|||on|||||\u00a0\u00bb header_font_size=\u00a0\u00bb24px\u00a0\u00bb header_line_height=\u00a0\u00bb1.4em\u00a0\u00bb animation_style=\u00a0\u00bbfade\u00a0\u00bb]<\/p>\n<h1>Mentions l\u00e9gales<\/h1>\n<p>[\/et_pb_text][et_pb_text _builder_version=\u00a0\u00bb3.19.4&Prime; text_font=\u00a0\u00bbDroid Sans||||||||\u00a0\u00bb custom_margin=\u00a0\u00bb||10px|\u00a0\u00bb custom_padding=\u00a0\u00bb||0px|\u00a0\u00bb]<\/p>\n<p style=\"text-align: justify;\">\u00c9QUIPE EN CHARGE DU SITE INTERNET<\/p>\n<p style=\"text-align: justify;\">Agence de communication en charge du projet : <a href=\"https:\/\/www.polecompany.com\" target=\"_blank\" rel=\"noopener noreferrer\" style=\"text-decoration: none; color: #000;\">POLE COMPANY<\/a><br \/>Directeur de l\u2019agence en charge : Ariel Morali<\/p>\n<p style=\"text-align: justify;\">MENTIONS L\u00c9GALES ET CONDITIONS D\u2019ACC\u00c8S<br \/>ET D\u2019UTILISATION DU SITE WEB<\/p>\n<p style=\"text-align: justify;\">\u00c9diteur : Le site web www.air-promenade.com est \u00e9dit\u00e9 par Airport One SAS dont le si\u00e8ge social est en France, 69 boulevard Malesherbes \u00e0 Paris (75008).<br \/>H\u00e9bergeur : Le site est h\u00e9berg\u00e9 chez OVH dont le si\u00e8ge social est situ\u00e9 en France, 2 rue Kellermann \u00e0 Roubaix (59100).<br \/>Ce site n\u2019est pas un site de vente. Les informations contenues dans ce site sont diffus\u00e9es \u00e0 titre purement informatif et ne constituent aucunement des offres commerciales de produits ou de services.<br \/>Air Promenade s\u2019efforce d\u2019assurer au mieux de ses possibilit\u00e9s, l\u2019exactitude et la mise \u00e0 jour des informations diffus\u00e9es sur ce site, dont elle se r\u00e9serve le droit de corriger, \u00e0 tout moment et sans pr\u00e9avis, le contenu. Toutefois, Air Promenade ne peut garantir l\u2019exactitude, la pr\u00e9cision ou l\u2019exhaustivit\u00e9 des informations mises \u00e0 la disposition sur ce site.<br \/>En cons\u00e9quence, Air Promenade d\u00e9cline toute responsabilit\u00e9 :<br \/>pour toute interruption du site ;<br \/>pour survenance de bogues ;<br \/>pour tous dommages r\u00e9sultant d\u2019une intrusion frauduleuse d\u2019un tiers ayant entra\u00een\u00e9 une modification des informations mises \u00e0 la disposition sur le site ; et plus g\u00e9n\u00e9ralement pour tous dommages, directs ou indirects, qu\u2019elles qu\u2019en soient les causes, origines, natures ou cons\u00e9quences, provoqu\u00e9s \u00e0 raison de l\u2019acc\u00e8s de quiconque au site ou de l\u2019impossibilit\u00e9 d\u2019y acc\u00e9der, de m\u00eame que l\u2019utilisation du site et\/ou du cr\u00e9dit accord\u00e9 \u00e0 une quelconque information provenant directement ou indirectement de ce dernier.<br \/>En particulier, Air Promenade n\u2019assume aucune responsabilit\u00e9 pour les dommages qui pourraient \u00eatre caus\u00e9s au mat\u00e9riel informatique de l\u2019internaute suite \u00e0 son acc\u00e8s au pr\u00e9sent site, utilisation ou t\u00e9l\u00e9chargement d\u2019un quelconque de ses \u00e9l\u00e9ments (donn\u00e9es, textes, images, vid\u00e9os ou sons, etc.).<\/p>\n<p style=\"text-align: justify;\"><strong>Droit de propri\u00e9t\u00e9 de Air Promenade :<\/strong><\/p>\n<p style=\"text-align: justify;\">Le site ainsi que tout logiciel utilis\u00e9 n\u00e9cessairement en relation avec celui-ci peuvent contenir des informations confidentielles et prot\u00e9g\u00e9es par le droit de propri\u00e9t\u00e9 intellectuelle en vigueur ou toute autre loi. Ainsi, sauf mention contraire, les droits de propri\u00e9t\u00e9 intellectuelle sur les documents contenus dans le site et chacun des \u00e9l\u00e9ments cr\u00e9\u00e9s pour ce site sont la propri\u00e9t\u00e9 exclusive de Air Promenade, celui-ci ne conc\u00e9dant aucune licence, ni aucun autre droit que celui de consulter le site.<\/p>\n<p style=\"text-align: justify;\">La reproduction de tous documents publi\u00e9s sur le site est seulement autoris\u00e9e aux fins exclusives d\u2019information pour un usage personnel et priv\u00e9, toute reproduction et toute utilisation de copies r\u00e9alis\u00e9es \u00e0 d\u2019autres fins \u00e9tant express\u00e9ment interdites. Il est \u00e9galement interdit de copier, modifier, cr\u00e9er une oeuvre d\u00e9riv\u00e9e, inverser la conception ou l\u2019assemblage ou de toute autre mani\u00e8re tenter de trouver le code source (\u00e0 l\u2019exception des cas pr\u00e9vus par la loi), vendre, attribuer, sous licencier ou transf\u00e9rer de quelque mani\u00e8re que se soit tout droit aff\u00e9rent aux logiciels.<\/p>\n<p style=\"text-align: justify;\">De m\u00eame, il est \u00e9galement interdit de modifier le logiciel ou d\u2019utiliser de versions modifi\u00e9es des logiciels et notamment (sans que cette \u00e9num\u00e9ration soit limitative) en vue d\u2019obtenir un acc\u00e8s non autoris\u00e9 au service et d\u2019acc\u00e9der au site par un autre moyen que par l\u2019interface qui est fournie \u00e0 l\u2019internaute par Air Promenade \u00e0 cet effet.<\/p>\n<p>[\/et_pb_text][\/et_pb_column][et_pb_column type=\u00a0\u00bb1_5&Prime; _builder_version=\u00a0\u00bb3.0.47&Prime; parallax=\u00a0\u00bboff\u00a0\u00bb parallax_method=\u00a0\u00bbon\u00a0\u00bb][\/et_pb_column][\/et_pb_row][\/et_pb_section][et_pb_section fb_built=\u00a0\u00bb1&Prime; _builder_version=\u00a0\u00bb3.19.4&Prime; background_color=\u00a0\u00bb#009dc5&Prime; custom_padding=\u00a0\u00bb20px||20px|\u00a0\u00bb][et_pb_row _builder_version=\u00a0\u00bb3.0.48&Prime; background_size=\u00a0\u00bbinitial\u00a0\u00bb background_position=\u00a0\u00bbtop_left\u00a0\u00bb background_repeat=\u00a0\u00bbrepeat\u00a0\u00bb][et_pb_column type=\u00a0\u00bb1_4&Prime; _builder_version=\u00a0\u00bb3.0.47&Prime; parallax=\u00a0\u00bboff\u00a0\u00bb parallax_method=\u00a0\u00bbon\u00a0\u00bb][et_pb_text _builder_version=\u00a0\u00bb3.19.4&Prime; text_font=\u00a0\u00bbMontserrat|500|||||||\u00a0\u00bb text_text_color=\u00a0\u00bb#ffffff\u00a0\u00bb background_layout=\u00a0\u00bbdark\u00a0\u00bb]<\/p>\n<p><a style=\"text-decoration: none; color: #ffffff;\" href=\"https:\/\/www.air-promenade.com\/site\/presentation\">PR\u00c9SENTATION<\/a><br \/><a style=\"text-decoration: none; color: #ffffff;\" href=\"https:\/\/www.air-promenade.com\/site\/promenade-des-anglais\/\">PROMENADE DES ANGLAIS<\/a><br \/><a style=\"text-decoration: none; color: #ffffff;\" href=\"https:\/\/www.air-promenade.com\/site\/environnement-de-business\/\">ENVIRONNEMENT DE BUSINESS<\/a><br \/><a style=\"text-decoration: none; color: #ffffff;\" href=\"https:\/\/www.air-promenade.com\/site\/location-de-bureaux\/\">BUREAUX<\/a><br \/><a style=\"text-decoration: none; color: #ffffff;\" href=\"https:\/\/www.air-promenade.com\/site\/services-sheraton\/\">SHERATON<\/a><br \/><a style=\"text-decoration: none; color: #ffffff;\" href=\"https:\/\/www.air-promenade.com\/site\/contact\/\">CONTACT<\/a><br \/><a style=\"text-decoration: none; color: #ffffff;\" href=\"https:\/\/www.air-promenade.com\/site\/acces\/\">ACC\u00c8S<\/a><\/p>\n<p>[\/et_pb_text][\/et_pb_column][et_pb_column type=\u00a0\u00bb1_4&Prime; _builder_version=\u00a0\u00bb3.0.47&Prime; parallax=\u00a0\u00bboff\u00a0\u00bb parallax_method=\u00a0\u00bbon\u00a0\u00bb][\/et_pb_column][et_pb_column type=\u00a0\u00bb1_4&Prime; _builder_version=\u00a0\u00bb3.0.47&Prime; parallax=\u00a0\u00bboff\u00a0\u00bb parallax_method=\u00a0\u00bbon\u00a0\u00bb][\/et_pb_column][et_pb_column type=\u00a0\u00bb1_4&Prime; _builder_version=\u00a0\u00bb3.0.47&Prime; parallax=\u00a0\u00bboff\u00a0\u00bb parallax_method=\u00a0\u00bbon\u00a0\u00bb][et_pb_text _builder_version=\u00a0\u00bb3.19.4&Prime;]<\/p>\n<p><a href=\"https:\/\/www.air-promenade.com\/site\/\"><img decoding=\"async\" loading=\"lazy\" class=\"alignnone wp-image-36 size-full\" src=\"https:\/\/www.air-promenade.com\/site\/wp-content\/uploads\/2019\/04\/logo-bleu-footer.jpg\" alt=\"\" width=\"380\" height=\"178\" srcset=\"https:\/\/www.airpromenade.com\/site\/wp-content\/uploads\/2019\/04\/logo-bleu-footer.jpg 380w, https:\/\/www.airpromenade.com\/site\/wp-content\/uploads\/2019\/04\/logo-bleu-footer-300x141.jpg 300w\" sizes=\"(max-width: 380px) 100vw, 380px\" \/><\/a><\/p>\n<p>[\/et_pb_text][\/et_pb_column][\/et_pb_row][et_pb_row custom_padding=\u00a0\u00bb5px||5px|\u00a0\u00bb _builder_version=\u00a0\u00bb3.19.4&Prime;][et_pb_column type=\u00a0\u00bb4_4&Prime; _builder_version=\u00a0\u00bb3.0.47&Prime; parallax=\u00a0\u00bboff\u00a0\u00bb parallax_method=\u00a0\u00bbon\u00a0\u00bb][et_pb_text _builder_version=\u00a0\u00bb3.19.4&Prime; text_font=\u00a0\u00bbMontserrat|500||on|||||\u00a0\u00bb text_text_color=\u00a0\u00bb#ffffff\u00a0\u00bb text_font_size=\u00a0\u00bb10px\u00a0\u00bb background_layout=\u00a0\u00bbdark\u00a0\u00bb]<\/p>\n<p>\ntous droits r\u00e9serv\u00e9s &#8211; visuels non contractuels &#8211; <a href=\"https:\/\/www.air-promenade.com\/site\/mentions-legales\/\" style=\"text-decoration:none; color: #ffffff;\">mentions l\u00e9gales<\/a><\/p>\n<p>[\/et_pb_text][\/et_pb_column][\/et_pb_row][\/et_pb_section][et_pb_section fb_built=\u00a0\u00bb1&Prime; _builder_version=\u00a0\u00bb3.19.4&Prime; custom_margin=\u00a0\u00bb0px||0px\u00a0\u00bb custom_padding=\u00a0\u00bb0px||0px\u00a0\u00bb collapsed=\u00a0\u00bboff\u00a0\u00bb][et_pb_row use_custom_width=\u00a0\u00bbon\u00a0\u00bb custom_width_px=\u00a0\u00bb1400px\u00a0\u00bb custom_padding=\u00a0\u00bb0px|||\u00a0\u00bb custom_margin=\u00a0\u00bb0px|||\u00a0\u00bb _builder_version=\u00a0\u00bb3.19.4&Prime; module_alignment=\u00a0\u00bbcenter\u00a0\u00bb][et_pb_column type=\u00a0\u00bb4_4&Prime; _builder_version=\u00a0\u00bb3.0.47&Prime; parallax=\u00a0\u00bboff\u00a0\u00bb parallax_method=\u00a0\u00bbon\u00a0\u00bb][et_pb_text _builder_version=\u00a0\u00bb3.19.4&Prime; text_orientation=\u00a0\u00bbcenter\u00a0\u00bb]<img decoding=\"async\" loading=\"lazy\" class=\"alignnone size-full wp-image-681\" src=\"https:\/\/www.air-promenade.com\/site\/wp-content\/uploads\/2020\/01\/log-foot1200-01.png\" alt=\"\" width=\"492\" height=\"123\" srcset=\"https:\/\/www.airpromenade.com\/site\/wp-content\/uploads\/2020\/01\/log-foot1200-01.png 492w, https:\/\/www.airpromenade.com\/site\/wp-content\/uploads\/2020\/01\/log-foot1200-01-300x75.png 300w\" sizes=\"(max-width: 492px) 100vw, 492px\" \/><img decoding=\"async\" loading=\"lazy\" class=\"alignnone size-full wp-image-682\" src=\"https:\/\/www.air-promenade.com\/site\/wp-content\/uploads\/2020\/01\/log-foot1200-02.png\" alt=\"\" width=\"470\" height=\"123\" srcset=\"https:\/\/www.airpromenade.com\/site\/wp-content\/uploads\/2020\/01\/log-foot1200-02.png 470w, https:\/\/www.airpromenade.com\/site\/wp-content\/uploads\/2020\/01\/log-foot1200-02-300x79.png 300w\" sizes=\"(max-width: 470px) 100vw, 470px\" \/><img decoding=\"async\" loading=\"lazy\" class=\"alignnone size-full wp-image-683\" src=\"https:\/\/www.air-promenade.com\/site\/wp-content\/uploads\/2020\/01\/log-foot1200-03.png\" alt=\"\" width=\"239\" height=\"123\" \/><br \/>\n[\/et_pb_text][\/et_pb_column][\/et_pb_row][\/et_pb_section]<\/p>\n","protected":false},"excerpt":{"rendered":"<p>[et_pb_section fb_built=\u00a0\u00bb1&Prime; fullwidth=\u00a0\u00bbon\u00a0\u00bb _builder_version=\u00a0\u00bb3.0.47&Prime;][et_pb_fullwidth_image src=\u00a0\u00bbhttps:\/\/www.air-promenade.com\/site\/wp-content\/uploads\/2019\/04\/ima-entete-presentation-fr.jpg\u00a0\u00bb _builder_version=\u00a0\u00bb3.19.4&Prime;] [\/et_pb_fullwidth_image][\/et_pb_section][et_pb_section fb_built=\u00a0\u00bb1&Prime; _builder_version=\u00a0\u00bb3.0.47&Prime;][et_pb_row _builder_version=\u00a0\u00bb3.19.4&Prime;][et_pb_column type=\u00a0\u00bb1_5&Prime; _builder_version=\u00a0\u00bb3.0.47&Prime; parallax=\u00a0\u00bboff\u00a0\u00bb parallax_method=\u00a0\u00bbon\u00a0\u00bb][\/et_pb_column][et_pb_column type=\u00a0\u00bb3_5&Prime; _builder_version=\u00a0\u00bb3.0.47&Prime; parallax=\u00a0\u00bboff\u00a0\u00bb parallax_method=\u00a0\u00bbon\u00a0\u00bb][et_pb_text _builder_version=\u00a0\u00bb3.19.4&Prime; header_font=\u00a0\u00bbMontserrat|||on|||||\u00a0\u00bb header_font_size=\u00a0\u00bb24px\u00a0\u00bb header_line_height=\u00a0\u00bb1.4em\u00a0\u00bb animation_style=\u00a0\u00bbfade\u00a0\u00bb] Mentions l\u00e9gales [\/et_pb_text][et_pb_text _builder_version=\u00a0\u00bb3.19.4&Prime; text_font=\u00a0\u00bbDroid Sans||||||||\u00a0\u00bb custom_margin=\u00a0\u00bb||10px|\u00a0\u00bb custom_padding=\u00a0\u00bb||0px|\u00a0\u00bb] \u00c9QUIPE EN CHARGE DU SITE INTERNET Agence de communication en charge du projet : POLE COMPANYDirecteur de l\u2019agence en charge : Ariel Morali MENTIONS [&hellip;]<\/p>\n","protected":false},"author":1,"featured_media":0,"parent":0,"menu_order":0,"comment_status":"closed","ping_status":"closed","template":"","meta":{"_et_pb_use_builder":"on","_et_pb_old_content":""},"yoast_head":"<!-- This site is optimized with the Yoast SEO plugin v21.1 - https:\/\/yoast.com\/wordpress\/plugins\/seo\/ -->\n<title>Mentions l\u00e9gales - Air Promenade<\/title>\n<meta name=\"robots\" content=\"index, follow, max-snippet:-1, max-image-preview:large, max-video-preview:-1\" \/>\n<link rel=\"canonical\" href=\"https:\/\/www.airpromenade.com\/site\/mentions-legales\/\" \/>\n<meta property=\"og:locale\" content=\"fr_FR\" \/>\n<meta property=\"og:type\" content=\"article\" \/>\n<meta property=\"og:title\" content=\"Mentions l\u00e9gales - Air Promenade\" \/>\n<meta property=\"og:description\" content=\"[et_pb_section fb_built=\u00a0\u00bb1&Prime; fullwidth=\u00a0\u00bbon\u00a0\u00bb _builder_version=\u00a0\u00bb3.0.47&Prime;][et_pb_fullwidth_image src=\u00a0\u00bbhttps:\/\/www.air-promenade.com\/site\/wp-content\/uploads\/2019\/04\/ima-entete-presentation-fr.jpg\u00a0\u00bb _builder_version=\u00a0\u00bb3.19.4&Prime;] [\/et_pb_fullwidth_image][\/et_pb_section][et_pb_section fb_built=\u00a0\u00bb1&Prime; _builder_version=\u00a0\u00bb3.0.47&Prime;][et_pb_row _builder_version=\u00a0\u00bb3.19.4&Prime;][et_pb_column type=\u00a0\u00bb1_5&Prime; _builder_version=\u00a0\u00bb3.0.47&Prime; parallax=\u00a0\u00bboff\u00a0\u00bb parallax_method=\u00a0\u00bbon\u00a0\u00bb][\/et_pb_column][et_pb_column type=\u00a0\u00bb3_5&Prime; _builder_version=\u00a0\u00bb3.0.47&Prime; parallax=\u00a0\u00bboff\u00a0\u00bb parallax_method=\u00a0\u00bbon\u00a0\u00bb][et_pb_text _builder_version=\u00a0\u00bb3.19.4&Prime; header_font=\u00a0\u00bbMontserrat|||on|||||\u00a0\u00bb header_font_size=\u00a0\u00bb24px\u00a0\u00bb header_line_height=\u00a0\u00bb1.4em\u00a0\u00bb animation_style=\u00a0\u00bbfade\u00a0\u00bb] Mentions l\u00e9gales [\/et_pb_text][et_pb_text _builder_version=\u00a0\u00bb3.19.4&Prime; text_font=\u00a0\u00bbDroid Sans||||||||\u00a0\u00bb custom_margin=\u00a0\u00bb||10px|\u00a0\u00bb custom_padding=\u00a0\u00bb||0px|\u00a0\u00bb] \u00c9QUIPE EN CHARGE DU SITE INTERNET Agence de communication en charge du projet : POLE COMPANYDirecteur de l\u2019agence en charge : Ariel Morali MENTIONS [&hellip;]\" \/>\n<meta property=\"og:url\" content=\"https:\/\/www.airpromenade.com\/site\/mentions-legales\/\" \/>\n<meta property=\"og:site_name\" content=\"Air Promenade\" \/>\n<meta property=\"article:modified_time\" content=\"2022-03-08T07:28:45+00:00\" \/>\n<meta property=\"og:image\" content=\"https:\/\/www.air-promenade.com\/site\/wp-content\/uploads\/2019\/04\/logo-bleu-footer.jpg\" \/>\n<meta name=\"twitter:card\" content=\"summary_large_image\" \/>\n<meta name=\"twitter:label1\" content=\"Dur\u00e9e de lecture estim\u00e9e\" \/>\n\t<meta name=\"twitter:data1\" content=\"5 minutes\" \/>\n<script type=\"application\/ld+json\" class=\"yoast-schema-graph\">{\"@context\":\"https:\/\/schema.org\",\"@graph\":[{\"@type\":\"WebPage\",\"@id\":\"https:\/\/www.airpromenade.com\/site\/mentions-legales\/\",\"url\":\"https:\/\/www.airpromenade.com\/site\/mentions-legales\/\",\"name\":\"Mentions l\u00e9gales - Air Promenade\",\"isPartOf\":{\"@id\":\"https:\/\/www.airpromenade.com\/site\/#website\"},\"datePublished\":\"2019-05-10T08:32:01+00:00\",\"dateModified\":\"2022-03-08T07:28:45+00:00\",\"breadcrumb\":{\"@id\":\"https:\/\/www.airpromenade.com\/site\/mentions-legales\/#breadcrumb\"},\"inLanguage\":\"fr-FR\",\"potentialAction\":[{\"@type\":\"ReadAction\",\"target\":[\"https:\/\/www.airpromenade.com\/site\/mentions-legales\/\"]}]},{\"@type\":\"BreadcrumbList\",\"@id\":\"https:\/\/www.airpromenade.com\/site\/mentions-legales\/#breadcrumb\",\"itemListElement\":[{\"@type\":\"ListItem\",\"position\":1,\"name\":\"Accueil\",\"item\":\"https:\/\/www.airpromenade.com\/site\/\"},{\"@type\":\"ListItem\",\"position\":2,\"name\":\"Mentions l\u00e9gales\"}]},{\"@type\":\"WebSite\",\"@id\":\"https:\/\/www.airpromenade.com\/site\/#website\",\"url\":\"https:\/\/www.airpromenade.com\/site\/\",\"name\":\"Air Promenade\",\"description\":\"\",\"potentialAction\":[{\"@type\":\"SearchAction\",\"target\":{\"@type\":\"EntryPoint\",\"urlTemplate\":\"https:\/\/www.airpromenade.com\/site\/?s={search_term_string}\"},\"query-input\":\"required name=search_term_string\"}],\"inLanguage\":\"fr-FR\"}]}<\/script>\n<!-- \/ Yoast SEO plugin. -->","yoast_head_json":{"title":"Mentions l\u00e9gales - Air Promenade","robots":{"index":"index","follow":"follow","max-snippet":"max-snippet:-1","max-image-preview":"max-image-preview:large","max-video-preview":"max-video-preview:-1"},"canonical":"https:\/\/www.airpromenade.com\/site\/mentions-legales\/","og_locale":"fr_FR","og_type":"article","og_title":"Mentions l\u00e9gales - Air Promenade","og_description":"[et_pb_section fb_built=\u00a0\u00bb1&Prime; fullwidth=\u00a0\u00bbon\u00a0\u00bb _builder_version=\u00a0\u00bb3.0.47&Prime;][et_pb_fullwidth_image src=\u00a0\u00bbhttps:\/\/www.air-promenade.com\/site\/wp-content\/uploads\/2019\/04\/ima-entete-presentation-fr.jpg\u00a0\u00bb _builder_version=\u00a0\u00bb3.19.4&Prime;] [\/et_pb_fullwidth_image][\/et_pb_section][et_pb_section fb_built=\u00a0\u00bb1&Prime; _builder_version=\u00a0\u00bb3.0.47&Prime;][et_pb_row _builder_version=\u00a0\u00bb3.19.4&Prime;][et_pb_column type=\u00a0\u00bb1_5&Prime; _builder_version=\u00a0\u00bb3.0.47&Prime; parallax=\u00a0\u00bboff\u00a0\u00bb parallax_method=\u00a0\u00bbon\u00a0\u00bb][\/et_pb_column][et_pb_column type=\u00a0\u00bb3_5&Prime; _builder_version=\u00a0\u00bb3.0.47&Prime; parallax=\u00a0\u00bboff\u00a0\u00bb parallax_method=\u00a0\u00bbon\u00a0\u00bb][et_pb_text _builder_version=\u00a0\u00bb3.19.4&Prime; header_font=\u00a0\u00bbMontserrat|||on|||||\u00a0\u00bb header_font_size=\u00a0\u00bb24px\u00a0\u00bb header_line_height=\u00a0\u00bb1.4em\u00a0\u00bb animation_style=\u00a0\u00bbfade\u00a0\u00bb] Mentions l\u00e9gales [\/et_pb_text][et_pb_text _builder_version=\u00a0\u00bb3.19.4&Prime; text_font=\u00a0\u00bbDroid Sans||||||||\u00a0\u00bb custom_margin=\u00a0\u00bb||10px|\u00a0\u00bb custom_padding=\u00a0\u00bb||0px|\u00a0\u00bb] \u00c9QUIPE EN CHARGE DU SITE INTERNET Agence de communication en charge du projet : POLE COMPANYDirecteur de l\u2019agence en charge : Ariel Morali MENTIONS [&hellip;]","og_url":"https:\/\/www.airpromenade.com\/site\/mentions-legales\/","og_site_name":"Air Promenade","article_modified_time":"2022-03-08T07:28:45+00:00","og_image":[{"url":"https:\/\/www.air-promenade.com\/site\/wp-content\/uploads\/2019\/04\/logo-bleu-footer.jpg"}],"twitter_card":"summary_large_image","twitter_misc":{"Dur\u00e9e de lecture estim\u00e9e":"5 minutes"},"schema":{"@context":"https:\/\/schema.org","@graph":[{"@type":"WebPage","@id":"https:\/\/www.airpromenade.com\/site\/mentions-legales\/","url":"https:\/\/www.airpromenade.com\/site\/mentions-legales\/","name":"Mentions l\u00e9gales - Air Promenade","isPartOf":{"@id":"https:\/\/www.airpromenade.com\/site\/#website"},"datePublished":"2019-05-10T08:32:01+00:00","dateModified":"2022-03-08T07:28:45+00:00","breadcrumb":{"@id":"https:\/\/www.airpromenade.com\/site\/mentions-legales\/#breadcrumb"},"inLanguage":"fr-FR","potentialAction":[{"@type":"ReadAction","target":["https:\/\/www.airpromenade.com\/site\/mentions-legales\/"]}]},{"@type":"BreadcrumbList","@id":"https:\/\/www.airpromenade.com\/site\/mentions-legales\/#breadcrumb","itemListElement":[{"@type":"ListItem","position":1,"name":"Accueil","item":"https:\/\/www.airpromenade.com\/site\/"},{"@type":"ListItem","position":2,"name":"Mentions l\u00e9gales"}]},{"@type":"WebSite","@id":"https:\/\/www.airpromenade.com\/site\/#website","url":"https:\/\/www.airpromenade.com\/site\/","name":"Air Promenade","description":"","potentialAction":[{"@type":"SearchAction","target":{"@type":"EntryPoint","urlTemplate":"https:\/\/www.airpromenade.com\/site\/?s={search_term_string}"},"query-input":"required name=search_term_string"}],"inLanguage":"fr-FR"}]}},"_links":{"self":[{"href":"https:\/\/www.airpromenade.com\/site\/wp-json\/wp\/v2\/pages\/555"}],"collection":[{"href":"https:\/\/www.airpromenade.com\/site\/wp-json\/wp\/v2\/pages"}],"about":[{"href":"https:\/\/www.airpromenade.com\/site\/wp-json\/wp\/v2\/types\/page"}],"author":[{"embeddable":true,"href":"https:\/\/www.airpromenade.com\/site\/wp-json\/wp\/v2\/users\/1"}],"replies":[{"embeddable":true,"href":"https:\/\/www.airpromenade.com\/site\/wp-json\/wp\/v2\/comments?post=555"}],"version-history":[{"count":14,"href":"https:\/\/www.airpromenade.com\/site\/wp-json\/wp\/v2\/pages\/555\/revisions"}],"predecessor-version":[{"id":801,"href":"https:\/\/www.airpromenade.com\/site\/wp-json\/wp\/v2\/pages\/555\/revisions\/801"}],"wp:attachment":[{"href":"https:\/\/www.airpromenade.com\/site\/wp-json\/wp\/v2\/media?parent=555"}],"curies":[{"name":"wp","href":"https:\/\/api.w.org\/{rel}","templated":true}]}}