{"id":19,"date":"2019-04-16T14:39:44","date_gmt":"2019-04-16T12:39:44","guid":{"rendered":"http:\/\/www.air-promenade.com\/site\/?page_id=19"},"modified":"2022-03-08T08:28:00","modified_gmt":"2022-03-08T07:28:00","slug":"presentation","status":"publish","type":"page","link":"https:\/\/www.airpromenade.com\/site\/","title":{"rendered":"Pr\u00e9sentation"},"content":{"rendered":"<p>[et_pb_section fb_built=\u00a0\u00bb1&Prime; fullwidth=\u00a0\u00bbon\u00a0\u00bb _builder_version=\u00a0\u00bb3.0.47&Prime; collapsed=\u00a0\u00bboff\u00a0\u00bb][et_pb_fullwidth_image src=\u00a0\u00bbhttps:\/\/www.airpromenade.com\/site\/wp-content\/uploads\/2019\/04\/ima-entete-presentation-fr.jpg\u00a0\u00bb _builder_version=\u00a0\u00bb3.19.4&Prime;][\/et_pb_fullwidth_image][\/et_pb_section][et_pb_section fb_built=\u00a0\u00bb1&Prime; _builder_version=\u00a0\u00bb3.19.4&Prime; custom_margin=\u00a0\u00bb||0px|\u00a0\u00bb custom_padding=\u00a0\u00bb||0px|\u00a0\u00bb][et_pb_row _builder_version=\u00a0\u00bb3.19.4&Prime; animation_direction=\u00a0\u00bbtop\u00a0\u00bb][et_pb_column type=\u00a0\u00bb1_5&Prime; _builder_version=\u00a0\u00bb3.0.47&Prime; parallax=\u00a0\u00bboff\u00a0\u00bb parallax_method=\u00a0\u00bbon\u00a0\u00bb][\/et_pb_column][et_pb_column type=\u00a0\u00bb3_5&Prime; _builder_version=\u00a0\u00bb3.0.47&Prime; parallax=\u00a0\u00bboff\u00a0\u00bb parallax_method=\u00a0\u00bbon\u00a0\u00bb][et_pb_text _builder_version=\u00a0\u00bb3.19.4&Prime; header_font=\u00a0\u00bbMontserrat|||on|||||\u00a0\u00bb header_font_size=\u00a0\u00bb24px\u00a0\u00bb]<\/p>\n<h1>BIENVENUE <span style=\"color: #009dc5;\">AUX ENTREPRENEURS DU MONDE<\/span><\/h1>\n<p>[\/et_pb_text][et_pb_text _builder_version=\u00a0\u00bb3.19.4&Prime; text_font=\u00a0\u00bbDroid Sans||||||||\u00a0\u00bb]<\/p>\n<p style=\"text-align: justify;\">AIR PROMENADE est le nouveau centre d\u2019affaires de Nice r\u00e9solument tourn\u00e9 vers l\u2019avenir et imm\u00e9diatement reli\u00e9 au monde. Cette r\u00e9alisation innovante de 10 000 m\u00b2 de bureaux ultra modernes n\u2019a d\u2019autre r\u00e8gle que l\u2019exception : une adresse prestigieuse \u00e0 l\u2019entr\u00e9e de la c\u00e9l\u00e8bre Promenade des Anglais, une architecture futuriste, un emplacement strat\u00e9gique \u00e0 moins de 100 m de l\u2019a\u00e9roport international Nice C\u00f4te d\u2019Azur, une connexion au futur Parc des Expositions, au contact du prochain P\u00f4le multimodal (TGV, TER, tramway, Autoroute A8, gare routi\u00e8re\u2026). Sans oublier les commerces, les logements et les services sur mesure du Sheraton Hotel. Vous ne pouviez imaginer meilleure opportunit\u00e9 pour votre implantation sur la C\u00f4te d\u2019Azur.<\/p>\n<p>[\/et_pb_text][\/et_pb_column][et_pb_column type=\u00a0\u00bb1_5&Prime; _builder_version=\u00a0\u00bb3.0.47&Prime; parallax=\u00a0\u00bboff\u00a0\u00bb parallax_method=\u00a0\u00bbon\u00a0\u00bb][\/et_pb_column][\/et_pb_row][et_pb_row _builder_version=\u00a0\u00bb3.19.4&Prime;][et_pb_column type=\u00a0\u00bb4_4&Prime; _builder_version=\u00a0\u00bb3.0.47&Prime; parallax=\u00a0\u00bboff\u00a0\u00bb parallax_method=\u00a0\u00bbon\u00a0\u00bb][et_pb_video src=\u00a0\u00bbhttps:\/\/www.airpromenade.com\/clip\/AIRPROM.mp4&Prime; src_webm=\u00a0\u00bbhttps:\/\/www.airpromenade.com\/clip\/AIRPROM.mp4&Prime; image_src=\u00a0\u00bbhttps:\/\/www.airpromenade.com\/site\/wp-content\/uploads\/2020\/09\/ecran.jpg\u00a0\u00bb _builder_version=\u00a0\u00bb3.19.4&Prime;][\/et_pb_video][\/et_pb_column][\/et_pb_row][et_pb_row _builder_version=\u00a0\u00bb3.19.4&Prime; animation_style=\u00a0\u00bbfade\u00a0\u00bb][et_pb_column type=\u00a0\u00bb1_5&Prime; _builder_version=\u00a0\u00bb3.0.47&Prime; parallax=\u00a0\u00bboff\u00a0\u00bb parallax_method=\u00a0\u00bbon\u00a0\u00bb][\/et_pb_column][et_pb_column type=\u00a0\u00bb3_5&Prime; _builder_version=\u00a0\u00bb3.0.47&Prime; parallax=\u00a0\u00bboff\u00a0\u00bb parallax_method=\u00a0\u00bbon\u00a0\u00bb][et_pb_text _builder_version=\u00a0\u00bb3.19.4&Prime; text_font=\u00a0\u00bbMontserrat|500|||||||\u00a0\u00bb text_font_size=\u00a0\u00bb16px\u00a0\u00bb text_line_height=\u00a0\u00bb2em\u00a0\u00bb background_color=\u00a0\u00bb#d5ecf6&Prime; border_radii=\u00a0\u00bbon|10px|10px|10px|10px\u00a0\u00bb border_color_all=\u00a0\u00bb#d5ecf6&Prime; text_orientation=\u00a0\u00bbcenter\u00a0\u00bb custom_padding=\u00a0\u00bb20px|20px|20px|20px\u00a0\u00bb]<\/p>\n<p style=\"text-align: center;\"><span style=\"color: #009dc5;\">10 000 M\u00b2 DE BUREAUX \u00c0 LOUER<\/span> \u2022 SHERATON HOTEL<br \/><span style=\"color: #009dc5;\">RESTAURANTS<\/span> \u2022 ROOFTOP POOL \u2022 <span style=\"color: #009dc5;\">CENTRE DE CONF\u00c9RENCE<\/span><br \/><span style=\"color: #009dc5;\">SALLE DE R\u00c9CEPTION<\/span> \u2022 COMMERCES \u2022 <span style=\"color: #009dc5;\">LOGEMENTS<\/span> \u2022 PARKINGS<\/p>\n<p>[\/et_pb_text][\/et_pb_column][et_pb_column type=\u00a0\u00bb1_5&Prime; _builder_version=\u00a0\u00bb3.0.47&Prime; parallax=\u00a0\u00bboff\u00a0\u00bb parallax_method=\u00a0\u00bbon\u00a0\u00bb][\/et_pb_column][\/et_pb_row][\/et_pb_section][et_pb_section fb_built=\u00a0\u00bb1&Prime; fullwidth=\u00a0\u00bbon\u00a0\u00bb _builder_version=\u00a0\u00bb3.19.4&Prime; custom_padding=\u00a0\u00bb||50px|\u00a0\u00bb][et_pb_fullwidth_image src=\u00a0\u00bbhttps:\/\/www.airpromenade.com\/site\/wp-content\/uploads\/2019\/04\/ima-mappe-monde-accueil-fr.jpg\u00a0\u00bb _builder_version=\u00a0\u00bb3.19.4&Prime; animation_direction=\u00a0\u00bbbottom\u00a0\u00bb][\/et_pb_fullwidth_image][\/et_pb_section][et_pb_section fb_built=\u00a0\u00bb1&Prime; fullwidth=\u00a0\u00bbon\u00a0\u00bb _builder_version=\u00a0\u00bb3.0.47&Prime;][et_pb_fullwidth_code _builder_version=\u00a0\u00bb3.19.4&Prime;]<div id=\"image-map-pro-9237\"><\/div>[\/et_pb_fullwidth_code][\/et_pb_section][et_pb_section fb_built=\u00a0\u00bb1&Prime; _builder_version=\u00a0\u00bb3.19.4&Prime; background_color=\u00a0\u00bb#009dc5&Prime; custom_padding=\u00a0\u00bb20px||20px|\u00a0\u00bb][et_pb_row _builder_version=\u00a0\u00bb3.0.48&Prime; background_size=\u00a0\u00bbinitial\u00a0\u00bb background_position=\u00a0\u00bbtop_left\u00a0\u00bb background_repeat=\u00a0\u00bbrepeat\u00a0\u00bb][et_pb_column type=\u00a0\u00bb1_4&Prime; _builder_version=\u00a0\u00bb3.0.47&Prime; parallax=\u00a0\u00bboff\u00a0\u00bb parallax_method=\u00a0\u00bbon\u00a0\u00bb][et_pb_text _builder_version=\u00a0\u00bb3.19.4&Prime; text_font=\u00a0\u00bbMontserrat|500|||||||\u00a0\u00bb text_text_color=\u00a0\u00bb#ffffff\u00a0\u00bb background_layout=\u00a0\u00bbdark\u00a0\u00bb]<\/p>\n<p><a style=\"text-decoration: none; color: #ffffff;\" href=\"https:\/\/www.airpromenade.com\/site\/presentation\">PR\u00c9SENTATION<\/a><br \/><a style=\"text-decoration: none; color: #ffffff;\" href=\"https:\/\/www.airpromenade.com\/site\/promenade-des-anglais\/\">PROMENADE DES ANGLAIS<\/a><br \/><a style=\"text-decoration: none; color: #ffffff;\" href=\"https:\/\/www.airpromenade.com\/site\/environnement-de-business\/\">ENVIRONNEMENT DE BUSINESS<\/a><br \/><a style=\"text-decoration: none; color: #ffffff;\" href=\"https:\/\/www.airpromenade.com\/site\/location-de-bureaux\/\">BUREAUX<\/a><br \/><a style=\"text-decoration: none; color: #ffffff;\" href=\"https:\/\/www.airpromenade.com\/site\/services-sheraton\/\">SHERATON<\/a><br \/><a style=\"text-decoration: none; color: #ffffff;\" href=\"https:\/\/www.airpromenade.com\/site\/contact\/\">CONTACT<\/a><br \/><a style=\"text-decoration: none; color: #ffffff;\" href=\"https:\/\/www.airpromenade.com\/site\/acces\/\">ACC\u00c8S<\/a><\/p>\n<p>[\/et_pb_text][\/et_pb_column][et_pb_column type=\u00a0\u00bb1_4&Prime; _builder_version=\u00a0\u00bb3.0.47&Prime; parallax=\u00a0\u00bboff\u00a0\u00bb parallax_method=\u00a0\u00bbon\u00a0\u00bb][\/et_pb_column][et_pb_column type=\u00a0\u00bb1_4&Prime; _builder_version=\u00a0\u00bb3.0.47&Prime; parallax=\u00a0\u00bboff\u00a0\u00bb parallax_method=\u00a0\u00bbon\u00a0\u00bb][\/et_pb_column][et_pb_column type=\u00a0\u00bb1_4&Prime; _builder_version=\u00a0\u00bb3.0.47&Prime; parallax=\u00a0\u00bboff\u00a0\u00bb parallax_method=\u00a0\u00bbon\u00a0\u00bb][et_pb_text _builder_version=\u00a0\u00bb3.19.4&Prime;]<\/p>\n<p><a href=\"https:\/\/www.airpromenade.com\/site\/\"><img decoding=\"async\" loading=\"lazy\" class=\"alignnone wp-image-36 size-full\" src=\"https:\/\/www.airpromenade.com\/site\/wp-content\/uploads\/2019\/04\/logo-bleu-footer.jpg\" alt=\"\" width=\"380\" height=\"178\" srcset=\"https:\/\/www.airpromenade.com\/site\/wp-content\/uploads\/2019\/04\/logo-bleu-footer.jpg 380w, https:\/\/www.airpromenade.com\/site\/wp-content\/uploads\/2019\/04\/logo-bleu-footer-300x141.jpg 300w\" sizes=\"(max-width: 380px) 100vw, 380px\" \/><\/a><\/p>\n<p>[\/et_pb_text][\/et_pb_column][\/et_pb_row][et_pb_row custom_padding=\u00a0\u00bb5px||5px|\u00a0\u00bb _builder_version=\u00a0\u00bb3.19.4&Prime;][et_pb_column type=\u00a0\u00bb4_4&Prime; _builder_version=\u00a0\u00bb3.0.47&Prime; parallax=\u00a0\u00bboff\u00a0\u00bb parallax_method=\u00a0\u00bbon\u00a0\u00bb][et_pb_text _builder_version=\u00a0\u00bb3.19.4&Prime; text_font=\u00a0\u00bbMontserrat|500||on|||||\u00a0\u00bb text_text_color=\u00a0\u00bb#ffffff\u00a0\u00bb text_font_size=\u00a0\u00bb10px\u00a0\u00bb background_layout=\u00a0\u00bbdark\u00a0\u00bb]tous droits r\u00e9serv\u00e9s &#8211; visuels non contractuels &#8211; <a href=\"https:\/\/www.airpromenade.com\/site\/mentions-legales\/\" style=\"text-decoration:none; color: #ffffff;\">mentions l\u00e9gales<\/a><br \/>\n[\/et_pb_text][\/et_pb_column][\/et_pb_row][\/et_pb_section][et_pb_section fb_built=\u00a0\u00bb1&Prime; _builder_version=\u00a0\u00bb3.19.4&Prime; custom_margin=\u00a0\u00bb0px||0px\u00a0\u00bb custom_padding=\u00a0\u00bb0px||0px\u00a0\u00bb collapsed=\u00a0\u00bboff\u00a0\u00bb][et_pb_row use_custom_width=\u00a0\u00bbon\u00a0\u00bb custom_width_px=\u00a0\u00bb1400px\u00a0\u00bb custom_padding=\u00a0\u00bb0px|||\u00a0\u00bb custom_margin=\u00a0\u00bb0px|||\u00a0\u00bb _builder_version=\u00a0\u00bb3.19.4&Prime; module_alignment=\u00a0\u00bbcenter\u00a0\u00bb][et_pb_column type=\u00a0\u00bb4_4&Prime; _builder_version=\u00a0\u00bb3.0.47&Prime; parallax=\u00a0\u00bboff\u00a0\u00bb parallax_method=\u00a0\u00bbon\u00a0\u00bb][et_pb_text _builder_version=\u00a0\u00bb3.19.4&Prime; text_orientation=\u00a0\u00bbcenter\u00a0\u00bb]<img decoding=\"async\" loading=\"lazy\" class=\"alignnone size-full wp-image-681\" src=\"https:\/\/www.airpromenade.com\/site\/wp-content\/uploads\/2020\/01\/log-foot1200-01.png\" alt=\"\" width=\"492\" height=\"123\" srcset=\"https:\/\/www.airpromenade.com\/site\/wp-content\/uploads\/2020\/01\/log-foot1200-01.png 492w, https:\/\/www.airpromenade.com\/site\/wp-content\/uploads\/2020\/01\/log-foot1200-01-300x75.png 300w\" sizes=\"(max-width: 492px) 100vw, 492px\" \/><img decoding=\"async\" loading=\"lazy\" class=\"alignnone size-full wp-image-682\" src=\"https:\/\/www.airpromenade.com\/site\/wp-content\/uploads\/2020\/01\/log-foot1200-02.png\" alt=\"\" width=\"470\" height=\"123\" srcset=\"https:\/\/www.airpromenade.com\/site\/wp-content\/uploads\/2020\/01\/log-foot1200-02.png 470w, https:\/\/www.airpromenade.com\/site\/wp-content\/uploads\/2020\/01\/log-foot1200-02-300x79.png 300w\" sizes=\"(max-width: 470px) 100vw, 470px\" \/><img decoding=\"async\" loading=\"lazy\" class=\"alignnone size-full wp-image-683\" src=\"https:\/\/www.airpromenade.com\/site\/wp-content\/uploads\/2020\/01\/log-foot1200-03.png\" alt=\"\" width=\"239\" height=\"123\"><br \/>\n[\/et_pb_text][\/et_pb_column][\/et_pb_row][\/et_pb_section]<\/p>\n","protected":false},"excerpt":{"rendered":"<p>[et_pb_section fb_built=\u00a0\u00bb1&Prime; fullwidth=\u00a0\u00bbon\u00a0\u00bb _builder_version=\u00a0\u00bb3.0.47&Prime; collapsed=\u00a0\u00bboff\u00a0\u00bb][et_pb_fullwidth_image src=\u00a0\u00bbhttps:\/\/www.airpromenade.com\/site\/wp-content\/uploads\/2019\/04\/ima-entete-presentation-fr.jpg\u00a0\u00bb _builder_version=\u00a0\u00bb3.19.4&Prime;][\/et_pb_fullwidth_image][\/et_pb_section][et_pb_section fb_built=\u00a0\u00bb1&Prime; _builder_version=\u00a0\u00bb3.19.4&Prime; custom_margin=\u00a0\u00bb||0px|\u00a0\u00bb custom_padding=\u00a0\u00bb||0px|\u00a0\u00bb][et_pb_row _builder_version=\u00a0\u00bb3.19.4&Prime; animation_direction=\u00a0\u00bbtop\u00a0\u00bb][et_pb_column type=\u00a0\u00bb1_5&Prime; _builder_version=\u00a0\u00bb3.0.47&Prime; parallax=\u00a0\u00bboff\u00a0\u00bb parallax_method=\u00a0\u00bbon\u00a0\u00bb][\/et_pb_column][et_pb_column type=\u00a0\u00bb3_5&Prime; _builder_version=\u00a0\u00bb3.0.47&Prime; parallax=\u00a0\u00bboff\u00a0\u00bb parallax_method=\u00a0\u00bbon\u00a0\u00bb][et_pb_text _builder_version=\u00a0\u00bb3.19.4&Prime; header_font=\u00a0\u00bbMontserrat|||on|||||\u00a0\u00bb header_font_size=\u00a0\u00bb24px\u00a0\u00bb] BIENVENUE AUX ENTREPRENEURS DU MONDE [\/et_pb_text][et_pb_text _builder_version=\u00a0\u00bb3.19.4&Prime; text_font=\u00a0\u00bbDroid Sans||||||||\u00a0\u00bb] AIR PROMENADE est le nouveau centre d\u2019affaires de Nice r\u00e9solument tourn\u00e9 vers l\u2019avenir et imm\u00e9diatement reli\u00e9 au monde. Cette r\u00e9alisation innovante de [&hellip;]<\/p>\n","protected":false},"author":1,"featured_media":0,"parent":0,"menu_order":0,"comment_status":"closed","ping_status":"closed","template":"","meta":{"_et_pb_use_builder":"on","_et_pb_old_content":""},"yoast_head":"<!-- This site is optimized with the Yoast SEO plugin v21.1 - https:\/\/yoast.com\/wordpress\/plugins\/seo\/ -->\n<title>Air Promenade - Vos bureaux \u00e0 Nice \u00e0 5 mn du Monde<\/title>\n<meta name=\"description\" content=\"AIR PROMENADE est le nouveau centre d&#039;affaires de Nice r\u00e9solument tourn\u00e9 vers l&#039;avenir et imm\u00e9diatement reli\u00e9 au monde.\" \/>\n<meta name=\"robots\" content=\"index, follow, max-snippet:-1, max-image-preview:large, max-video-preview:-1\" \/>\n<link rel=\"canonical\" href=\"https:\/\/www.airpromenade.com\/site\/\" \/>\n<meta property=\"og:locale\" content=\"fr_FR\" \/>\n<meta property=\"og:type\" content=\"article\" \/>\n<meta property=\"og:title\" content=\"Air Promenade - Vos bureaux \u00e0 Nice \u00e0 5 mn du Monde\" \/>\n<meta property=\"og:description\" content=\"AIR PROMENADE est le nouveau centre d&#039;affaires de Nice r\u00e9solument tourn\u00e9 vers l&#039;avenir et imm\u00e9diatement reli\u00e9 au monde.\" \/>\n<meta property=\"og:url\" content=\"https:\/\/www.airpromenade.com\/site\/\" \/>\n<meta property=\"og:site_name\" content=\"Air Promenade\" \/>\n<meta property=\"article:modified_time\" content=\"2022-03-08T07:28:00+00:00\" \/>\n<meta property=\"og:image\" content=\"https:\/\/www.airpromenade.com\/site\/wp-content\/uploads\/2019\/04\/logo-bleu-footer.jpg\" \/>\n<meta name=\"twitter:card\" content=\"summary_large_image\" \/>\n<meta name=\"twitter:label1\" content=\"Dur\u00e9e de lecture estim\u00e9e\" \/>\n\t<meta name=\"twitter:data1\" content=\"4 minutes\" \/>\n<script type=\"application\/ld+json\" class=\"yoast-schema-graph\">{\"@context\":\"https:\/\/schema.org\",\"@graph\":[{\"@type\":\"WebPage\",\"@id\":\"https:\/\/www.airpromenade.com\/site\/\",\"url\":\"https:\/\/www.airpromenade.com\/site\/\",\"name\":\"Air Promenade - Vos bureaux \u00e0 Nice \u00e0 5 mn du Monde\",\"isPartOf\":{\"@id\":\"https:\/\/www.airpromenade.com\/site\/#website\"},\"datePublished\":\"2019-04-16T12:39:44+00:00\",\"dateModified\":\"2022-03-08T07:28:00+00:00\",\"description\":\"AIR PROMENADE est le nouveau centre d'affaires de Nice r\u00e9solument tourn\u00e9 vers l'avenir et imm\u00e9diatement reli\u00e9 au monde.\",\"breadcrumb\":{\"@id\":\"https:\/\/www.airpromenade.com\/site\/#breadcrumb\"},\"inLanguage\":\"fr-FR\",\"potentialAction\":[{\"@type\":\"ReadAction\",\"target\":[\"https:\/\/www.airpromenade.com\/site\/\"]}]},{\"@type\":\"BreadcrumbList\",\"@id\":\"https:\/\/www.airpromenade.com\/site\/#breadcrumb\",\"itemListElement\":[{\"@type\":\"ListItem\",\"position\":1,\"name\":\"Accueil\",\"item\":\"https:\/\/www.airpromenade.com\/site\/\"},{\"@type\":\"ListItem\",\"position\":2,\"name\":\"Pr\u00e9sentation\"}]},{\"@type\":\"WebSite\",\"@id\":\"https:\/\/www.airpromenade.com\/site\/#website\",\"url\":\"https:\/\/www.airpromenade.com\/site\/\",\"name\":\"Air Promenade\",\"description\":\"\",\"potentialAction\":[{\"@type\":\"SearchAction\",\"target\":{\"@type\":\"EntryPoint\",\"urlTemplate\":\"https:\/\/www.airpromenade.com\/site\/?s={search_term_string}\"},\"query-input\":\"required name=search_term_string\"}],\"inLanguage\":\"fr-FR\"}]}<\/script>\n<!-- \/ Yoast SEO plugin. -->","yoast_head_json":{"title":"Air Promenade - Vos bureaux \u00e0 Nice \u00e0 5 mn du Monde","description":"AIR PROMENADE est le nouveau centre d'affaires de Nice r\u00e9solument tourn\u00e9 vers l'avenir et imm\u00e9diatement reli\u00e9 au monde.","robots":{"index":"index","follow":"follow","max-snippet":"max-snippet:-1","max-image-preview":"max-image-preview:large","max-video-preview":"max-video-preview:-1"},"canonical":"https:\/\/www.airpromenade.com\/site\/","og_locale":"fr_FR","og_type":"article","og_title":"Air Promenade - Vos bureaux \u00e0 Nice \u00e0 5 mn du Monde","og_description":"AIR PROMENADE est le nouveau centre d'affaires de Nice r\u00e9solument tourn\u00e9 vers l'avenir et imm\u00e9diatement reli\u00e9 au monde.","og_url":"https:\/\/www.airpromenade.com\/site\/","og_site_name":"Air Promenade","article_modified_time":"2022-03-08T07:28:00+00:00","og_image":[{"url":"https:\/\/www.airpromenade.com\/site\/wp-content\/uploads\/2019\/04\/logo-bleu-footer.jpg"}],"twitter_card":"summary_large_image","twitter_misc":{"Dur\u00e9e de lecture estim\u00e9e":"4 minutes"},"schema":{"@context":"https:\/\/schema.org","@graph":[{"@type":"WebPage","@id":"https:\/\/www.airpromenade.com\/site\/","url":"https:\/\/www.airpromenade.com\/site\/","name":"Air Promenade - Vos bureaux \u00e0 Nice \u00e0 5 mn du Monde","isPartOf":{"@id":"https:\/\/www.airpromenade.com\/site\/#website"},"datePublished":"2019-04-16T12:39:44+00:00","dateModified":"2022-03-08T07:28:00+00:00","description":"AIR PROMENADE est le nouveau centre d'affaires de Nice r\u00e9solument tourn\u00e9 vers l'avenir et imm\u00e9diatement reli\u00e9 au monde.","breadcrumb":{"@id":"https:\/\/www.airpromenade.com\/site\/#breadcrumb"},"inLanguage":"fr-FR","potentialAction":[{"@type":"ReadAction","target":["https:\/\/www.airpromenade.com\/site\/"]}]},{"@type":"BreadcrumbList","@id":"https:\/\/www.airpromenade.com\/site\/#breadcrumb","itemListElement":[{"@type":"ListItem","position":1,"name":"Accueil","item":"https:\/\/www.airpromenade.com\/site\/"},{"@type":"ListItem","position":2,"name":"Pr\u00e9sentation"}]},{"@type":"WebSite","@id":"https:\/\/www.airpromenade.com\/site\/#website","url":"https:\/\/www.airpromenade.com\/site\/","name":"Air Promenade","description":"","potentialAction":[{"@type":"SearchAction","target":{"@type":"EntryPoint","urlTemplate":"https:\/\/www.airpromenade.com\/site\/?s={search_term_string}"},"query-input":"required name=search_term_string"}],"inLanguage":"fr-FR"}]}},"_links":{"self":[{"href":"https:\/\/www.airpromenade.com\/site\/wp-json\/wp\/v2\/pages\/19"}],"collection":[{"href":"https:\/\/www.airpromenade.com\/site\/wp-json\/wp\/v2\/pages"}],"about":[{"href":"https:\/\/www.airpromenade.com\/site\/wp-json\/wp\/v2\/types\/page"}],"author":[{"embeddable":true,"href":"https:\/\/www.airpromenade.com\/site\/wp-json\/wp\/v2\/users\/1"}],"replies":[{"embeddable":true,"href":"https:\/\/www.airpromenade.com\/site\/wp-json\/wp\/v2\/comments?post=19"}],"version-history":[{"count":62,"href":"https:\/\/www.airpromenade.com\/site\/wp-json\/wp\/v2\/pages\/19\/revisions"}],"predecessor-version":[{"id":800,"href":"https:\/\/www.airpromenade.com\/site\/wp-json\/wp\/v2\/pages\/19\/revisions\/800"}],"wp:attachment":[{"href":"https:\/\/www.airpromenade.com\/site\/wp-json\/wp\/v2\/media?parent=19"}],"curies":[{"name":"wp","href":"https:\/\/api.w.org\/{rel}","templated":true}]}}