{"id":100,"date":"2019-04-22T19:33:36","date_gmt":"2019-04-22T17:33:36","guid":{"rendered":"http:\/\/www.air-promenade.com\/site\/?page_id=100"},"modified":"2022-03-08T08:27:04","modified_gmt":"2022-03-08T07:27:04","slug":"promenade-des-anglais","status":"publish","type":"page","link":"https:\/\/www.airpromenade.com\/site\/promenade-des-anglais\/","title":{"rendered":"Promenade des Anglais"},"content":{"rendered":"<p>[et_pb_section fb_built=\u00a0\u00bb1&Prime; fullwidth=\u00a0\u00bbon\u00a0\u00bb _builder_version=\u00a0\u00bb3.0.47&Prime;][et_pb_fullwidth_image src=\u00a0\u00bbhttps:\/\/www.airpromenade.com\/site\/wp-content\/uploads\/2019\/04\/ima-entete-promenade-fr.jpg\u00a0\u00bb _builder_version=\u00a0\u00bb3.19.4&Prime;][\/et_pb_fullwidth_image][\/et_pb_section][et_pb_section fb_built=\u00a0\u00bb1&Prime; _builder_version=\u00a0\u00bb3.0.47&Prime;][et_pb_row _builder_version=\u00a0\u00bb3.19.4&Prime; animation_direction=\u00a0\u00bbbottom\u00a0\u00bb][et_pb_column type=\u00a0\u00bb1_5&Prime; _builder_version=\u00a0\u00bb3.0.47&Prime; parallax=\u00a0\u00bboff\u00a0\u00bb parallax_method=\u00a0\u00bbon\u00a0\u00bb][\/et_pb_column][et_pb_column type=\u00a0\u00bb3_5&Prime; _builder_version=\u00a0\u00bb3.0.47&Prime; parallax=\u00a0\u00bboff\u00a0\u00bb parallax_method=\u00a0\u00bbon\u00a0\u00bb][et_pb_text _builder_version=\u00a0\u00bb3.19.4&Prime; header_font=\u00a0\u00bbMontserrat|||on|||||\u00a0\u00bb header_font_size=\u00a0\u00bb24px\u00a0\u00bb header_line_height=\u00a0\u00bb1.4em\u00a0\u00bb]<\/p>\n<h1>NICE, LA PROMENADE DES ANGLAIS :<br \/><span style=\"color: #009dc5;\">UNE ADRESSE STRAT\u00c9GIQUE ET PRESTIGIEUSE<\/span><\/h1>\n<p>[\/et_pb_text][et_pb_text _builder_version=\u00a0\u00bb3.19.4&Prime; text_font=\u00a0\u00bbDroid Sans||||||||\u00a0\u00bb]<\/p>\n<p style=\"text-align: justify;\">Au coeur de la C\u00f4te d\u2019Azur et sous un ciel \u00e9clatant, Nice \u00e9tincelle de splendeur. Quelle grande m\u00e9tropole ne lui envie sa douceur de vivre et son climat de r\u00eave ? La cinqui\u00e8me ville de France jouit d\u2019une richesse architecturale et d\u2019un pouvoir de s\u00e9duction in\u00e9gal\u00e9s, comme en t\u00e9moignent les hauts lieux de la cit\u00e9 : les plages \u00e9l\u00e9gantes, la vieille ville au charme italien, l\u2019humeur joyeuse du cours Saleya\u2026 Et ins\u00e9parable de la Grande Bleue, l\u2019illustre Promenade des Anglais et ses chaises embl\u00e9matiques. Nice bouge et se transforme tout en conservant ses racines. Elle n\u2019a jamais \u00e9t\u00e9 aussi attractive.<\/p>\n<p>[\/et_pb_text][\/et_pb_column][et_pb_column type=\u00a0\u00bb1_5&Prime; _builder_version=\u00a0\u00bb3.0.47&Prime; parallax=\u00a0\u00bboff\u00a0\u00bb parallax_method=\u00a0\u00bbon\u00a0\u00bb][\/et_pb_column][\/et_pb_row][et_pb_row use_custom_width=\u00a0\u00bbon\u00a0\u00bb custom_width_px=\u00a0\u00bb950px\u00a0\u00bb custom_padding=\u00a0\u00bb50px||50px|\u00a0\u00bb _builder_version=\u00a0\u00bb3.19.4&Prime;][et_pb_column type=\u00a0\u00bb4_4&Prime; _builder_version=\u00a0\u00bb3.0.47&Prime; parallax=\u00a0\u00bboff\u00a0\u00bb parallax_method=\u00a0\u00bbon\u00a0\u00bb][et_pb_code _builder_version=\u00a0\u00bb3.19.4&Prime;]<div class=\"sp-styles-warning\" style=\"width: 450px; background-color: #FFF; color: #F00; border: 1px solid #F00; padding: 10px; font-size: 14px;\">\n\t\t\t<span style=\"font-weight: bold;\">Warning: The stylesheets were not loaded!<\/span> \n\t\t\tYou will need to change the <i>Load stylesheets<\/i> setting from <i>Automatically<\/i> to <i>On homepage<\/i> or <i>On all pages<\/i>. \n\t\t\tYou can set that <a style=\"text-decoration: underline; color: #F00;\" href=\"https:\/\/www.airpromenade.com\/site\/wp-admin\/admin.php?page=sliderpro-settings\">here<\/a>.\n\t\t\t<\/div>\r\n<div id=\"slider-pro-5\" class=\"slider-pro sp-no-js\" style=\"width: 335px; height: 218px;\">\r\n\t<div class=\"sp-slides\">\r\n\t\t\r\n\t\t<div class=\"sp-slide\">\r\n\t\t\t<img class=\"sp-image\" src=\"http:\/\/www.airpromenade.com\/site\/wp-content\/uploads\/2019\/04\/c-prom01.png\" width=\"335\" height=\"218\" \/>\r\n\t\t\t\r\n\t\t<\/div>\r\n\t\t<div class=\"sp-slide\">\r\n\t\t\t<img class=\"sp-image\" src=\"http:\/\/www.airpromenade.com\/site\/wp-content\/uploads\/2019\/04\/c-prom02.png\" width=\"335\" height=\"218\" \/>\r\n\t\t\t\r\n\t\t<\/div>\r\n\t\t<div class=\"sp-slide\">\r\n\t\t\t<img class=\"sp-image\" src=\"http:\/\/www.airpromenade.com\/site\/wp-content\/uploads\/2019\/04\/c-prom03.png\" width=\"335\" height=\"218\" \/>\r\n\t\t\t\r\n\t\t<\/div>\r\n\t\t<div class=\"sp-slide\">\r\n\t\t\t<img class=\"sp-image\" src=\"http:\/\/www.airpromenade.com\/site\/wp-content\/uploads\/2019\/04\/c-prom04.png\" width=\"335\" height=\"218\" \/>\r\n\t\t\t\r\n\t\t<\/div>\r\n\t\t<div class=\"sp-slide\">\r\n\t\t\t<img class=\"sp-image\" src=\"http:\/\/www.airpromenade.com\/site\/wp-content\/uploads\/2019\/04\/c-prom05.png\" width=\"335\" height=\"218\" \/>\r\n\t\t\t\r\n\t\t<\/div>\r\n\t\t<div class=\"sp-slide\">\r\n\t\t\t<img class=\"sp-image\" src=\"http:\/\/www.airpromenade.com\/site\/wp-content\/uploads\/2019\/04\/c-prom06.png\" width=\"335\" height=\"218\" \/>\r\n\t\t\t\r\n\t\t<\/div>\r\n\t\t<div class=\"sp-slide\">\r\n\t\t\t<img class=\"sp-image\" src=\"http:\/\/www.airpromenade.com\/site\/wp-content\/uploads\/2019\/04\/c-prom07.png\" width=\"335\" height=\"218\" \/>\r\n\t\t\t\r\n\t\t<\/div>\r\n\t\t<div class=\"sp-slide\">\r\n\t\t\t<img class=\"sp-image\" src=\"http:\/\/www.airpromenade.com\/site\/wp-content\/uploads\/2019\/04\/c-prom08.png\" width=\"335\" height=\"218\" \/>\r\n\t\t\t\r\n\t\t<\/div>\r\n\t<\/div>\r\n<\/div>[\/et_pb_code][\/et_pb_column][\/et_pb_row][et_pb_row custom_width_px=\u00a0\u00bb950px\u00a0\u00bb padding_right_4=\u00a0\u00bb0px\u00a0\u00bb padding_left_4=\u00a0\u00bb0px\u00a0\u00bb _builder_version=\u00a0\u00bb3.19.4&Prime;][et_pb_column type=\u00a0\u00bb1_5&Prime; _builder_version=\u00a0\u00bb3.0.47&Prime; parallax=\u00a0\u00bboff\u00a0\u00bb parallax_method=\u00a0\u00bbon\u00a0\u00bb][\/et_pb_column][et_pb_column type=\u00a0\u00bb3_5&Prime; _builder_version=\u00a0\u00bb3.0.47&Prime; parallax=\u00a0\u00bboff\u00a0\u00bb parallax_method=\u00a0\u00bbon\u00a0\u00bb][et_pb_image src=\u00a0\u00bbhttps:\/\/www.airpromenade.com\/site\/wp-content\/uploads\/2019\/04\/ima-divers-promenade-fr.jpg\u00a0\u00bb align=\u00a0\u00bbcenter\u00a0\u00bb _builder_version=\u00a0\u00bb3.19.4&Prime; custom_margin=\u00a0\u00bb0px|||\u00a0\u00bb custom_padding=\u00a0\u00bb0px|||\u00a0\u00bb][\/et_pb_image][\/et_pb_column][et_pb_column type=\u00a0\u00bb1_5&Prime; _builder_version=\u00a0\u00bb3.0.47&Prime; parallax=\u00a0\u00bboff\u00a0\u00bb parallax_method=\u00a0\u00bbon\u00a0\u00bb][\/et_pb_column][\/et_pb_row][\/et_pb_section][et_pb_section fb_built=\u00a0\u00bb1&Prime; _builder_version=\u00a0\u00bb3.19.4&Prime; background_color=\u00a0\u00bb#009dc5&Prime; custom_padding=\u00a0\u00bb20px||20px|\u00a0\u00bb][et_pb_row _builder_version=\u00a0\u00bb3.0.48&Prime; background_size=\u00a0\u00bbinitial\u00a0\u00bb background_position=\u00a0\u00bbtop_left\u00a0\u00bb background_repeat=\u00a0\u00bbrepeat\u00a0\u00bb][et_pb_column type=\u00a0\u00bb1_4&Prime; _builder_version=\u00a0\u00bb3.0.47&Prime; parallax=\u00a0\u00bboff\u00a0\u00bb parallax_method=\u00a0\u00bbon\u00a0\u00bb][et_pb_text _builder_version=\u00a0\u00bb3.19.4&Prime; text_font=\u00a0\u00bbMontserrat|500|||||||\u00a0\u00bb text_text_color=\u00a0\u00bb#ffffff\u00a0\u00bb background_layout=\u00a0\u00bbdark\u00a0\u00bb]<\/p>\n<p><a style=\"text-decoration: none; color: #ffffff;\" href=\"https:\/\/www.airpromenade.com\/site\/presentation\">PR\u00c9SENTATION<\/a><br \/><a style=\"text-decoration: none; color: #ffffff;\" href=\"https:\/\/www.airpromenade.com\/site\/promenade-des-anglais\/\">PROMENADE DES ANGLAIS<\/a><br \/><a style=\"text-decoration: none; color: #ffffff;\" href=\"https:\/\/www.airpromenade.com\/site\/environnement-de-business\/\">ENVIRONNEMENT DE BUSINESS<\/a><br \/><a style=\"text-decoration: none; color: #ffffff;\" href=\"https:\/\/www.airpromenade.com\/site\/location-de-bureaux\/\">BUREAUX<\/a><br \/><a style=\"text-decoration: none; color: #ffffff;\" href=\"https:\/\/www.airpromenade.com\/site\/services-sheraton\/\">SHERATON<\/a><br \/><a style=\"text-decoration: none; color: #ffffff;\" href=\"https:\/\/www.airpromenade.com\/site\/contact\/\">CONTACT<\/a><br \/><a style=\"text-decoration: none; color: #ffffff;\" href=\"https:\/\/www.airpromenade.com\/site\/acces\/\">ACC\u00c8S<\/a><\/p>\n<p>[\/et_pb_text][\/et_pb_column][et_pb_column type=\u00a0\u00bb1_4&Prime; _builder_version=\u00a0\u00bb3.0.47&Prime; parallax=\u00a0\u00bboff\u00a0\u00bb parallax_method=\u00a0\u00bbon\u00a0\u00bb][\/et_pb_column][et_pb_column type=\u00a0\u00bb1_4&Prime; _builder_version=\u00a0\u00bb3.0.47&Prime; parallax=\u00a0\u00bboff\u00a0\u00bb parallax_method=\u00a0\u00bbon\u00a0\u00bb][\/et_pb_column][et_pb_column type=\u00a0\u00bb1_4&Prime; _builder_version=\u00a0\u00bb3.0.47&Prime; parallax=\u00a0\u00bboff\u00a0\u00bb parallax_method=\u00a0\u00bbon\u00a0\u00bb][et_pb_text _builder_version=\u00a0\u00bb3.19.4&Prime;]<\/p>\n<p><a href=\"https:\/\/www.airpromenade.com\/site\/\"><img decoding=\"async\" loading=\"lazy\" class=\"alignnone wp-image-36 size-full\" src=\"https:\/\/www.airpromenade.com\/site\/wp-content\/uploads\/2019\/04\/logo-bleu-footer.jpg\" alt=\"\" width=\"380\" height=\"178\" srcset=\"https:\/\/www.airpromenade.com\/site\/wp-content\/uploads\/2019\/04\/logo-bleu-footer.jpg 380w, https:\/\/www.airpromenade.com\/site\/wp-content\/uploads\/2019\/04\/logo-bleu-footer-300x141.jpg 300w\" sizes=\"(max-width: 380px) 100vw, 380px\" \/><\/a><\/p>\n<p>[\/et_pb_text][\/et_pb_column][\/et_pb_row][et_pb_row custom_padding=\u00a0\u00bb5px||5px|\u00a0\u00bb _builder_version=\u00a0\u00bb3.19.4&Prime;][et_pb_column type=\u00a0\u00bb4_4&Prime; _builder_version=\u00a0\u00bb3.0.47&Prime; parallax=\u00a0\u00bboff\u00a0\u00bb parallax_method=\u00a0\u00bbon\u00a0\u00bb][et_pb_text _builder_version=\u00a0\u00bb3.19.4&Prime; text_font=\u00a0\u00bbMontserrat|500||on|||||\u00a0\u00bb text_text_color=\u00a0\u00bb#ffffff\u00a0\u00bb text_font_size=\u00a0\u00bb10px\u00a0\u00bb background_layout=\u00a0\u00bbdark\u00a0\u00bb]tous droits r\u00e9serv\u00e9s &#8211; visuels non contractuels &#8211; <a href=\"https:\/\/www.airpromenade.com\/site\/mentions-legales\/\" style=\"text-decoration:none; color: #ffffff;\">mentions l\u00e9gales<\/a><br \/>\n[\/et_pb_text][\/et_pb_column][\/et_pb_row][\/et_pb_section][et_pb_section fb_built=\u00a0\u00bb1&Prime; _builder_version=\u00a0\u00bb3.19.4&Prime; custom_margin=\u00a0\u00bb0px||0px\u00a0\u00bb custom_padding=\u00a0\u00bb0px||0px\u00a0\u00bb collapsed=\u00a0\u00bboff\u00a0\u00bb][et_pb_row use_custom_width=\u00a0\u00bbon\u00a0\u00bb custom_width_px=\u00a0\u00bb1400px\u00a0\u00bb custom_padding=\u00a0\u00bb0px|||\u00a0\u00bb custom_margin=\u00a0\u00bb0px|||\u00a0\u00bb _builder_version=\u00a0\u00bb3.19.4&Prime; module_alignment=\u00a0\u00bbcenter\u00a0\u00bb][et_pb_column type=\u00a0\u00bb4_4&Prime; _builder_version=\u00a0\u00bb3.0.47&Prime; parallax=\u00a0\u00bboff\u00a0\u00bb parallax_method=\u00a0\u00bbon\u00a0\u00bb][et_pb_text _builder_version=\u00a0\u00bb3.19.4&Prime; text_orientation=\u00a0\u00bbcenter\u00a0\u00bb]<img decoding=\"async\" loading=\"lazy\" class=\"alignnone size-full wp-image-681\" src=\"https:\/\/www.airpromenade.com\/site\/wp-content\/uploads\/2020\/01\/log-foot1200-01.png\" alt=\"\" width=\"492\" height=\"123\" srcset=\"https:\/\/www.airpromenade.com\/site\/wp-content\/uploads\/2020\/01\/log-foot1200-01.png 492w, https:\/\/www.airpromenade.com\/site\/wp-content\/uploads\/2020\/01\/log-foot1200-01-300x75.png 300w\" sizes=\"(max-width: 492px) 100vw, 492px\" \/><img decoding=\"async\" loading=\"lazy\" class=\"alignnone size-full wp-image-682\" src=\"https:\/\/www.airpromenade.com\/site\/wp-content\/uploads\/2020\/01\/log-foot1200-02.png\" alt=\"\" width=\"470\" height=\"123\" srcset=\"https:\/\/www.airpromenade.com\/site\/wp-content\/uploads\/2020\/01\/log-foot1200-02.png 470w, https:\/\/www.airpromenade.com\/site\/wp-content\/uploads\/2020\/01\/log-foot1200-02-300x79.png 300w\" sizes=\"(max-width: 470px) 100vw, 470px\" \/><img decoding=\"async\" loading=\"lazy\" class=\"alignnone size-full wp-image-683\" src=\"https:\/\/www.airpromenade.com\/site\/wp-content\/uploads\/2020\/01\/log-foot1200-03.png\" alt=\"\" width=\"239\" height=\"123\"><br \/>\n[\/et_pb_text][\/et_pb_column][\/et_pb_row][\/et_pb_section]<\/p>\n","protected":false},"excerpt":{"rendered":"<p>[et_pb_section fb_built=\u00a0\u00bb1&Prime; fullwidth=\u00a0\u00bbon\u00a0\u00bb _builder_version=\u00a0\u00bb3.0.47&Prime;][et_pb_fullwidth_image src=\u00a0\u00bbhttps:\/\/www.airpromenade.com\/site\/wp-content\/uploads\/2019\/04\/ima-entete-promenade-fr.jpg\u00a0\u00bb _builder_version=\u00a0\u00bb3.19.4&Prime;][\/et_pb_fullwidth_image][\/et_pb_section][et_pb_section fb_built=\u00a0\u00bb1&Prime; _builder_version=\u00a0\u00bb3.0.47&Prime;][et_pb_row _builder_version=\u00a0\u00bb3.19.4&Prime; animation_direction=\u00a0\u00bbbottom\u00a0\u00bb][et_pb_column type=\u00a0\u00bb1_5&Prime; _builder_version=\u00a0\u00bb3.0.47&Prime; parallax=\u00a0\u00bboff\u00a0\u00bb parallax_method=\u00a0\u00bbon\u00a0\u00bb][\/et_pb_column][et_pb_column type=\u00a0\u00bb3_5&Prime; _builder_version=\u00a0\u00bb3.0.47&Prime; parallax=\u00a0\u00bboff\u00a0\u00bb parallax_method=\u00a0\u00bbon\u00a0\u00bb][et_pb_text _builder_version=\u00a0\u00bb3.19.4&Prime; header_font=\u00a0\u00bbMontserrat|||on|||||\u00a0\u00bb header_font_size=\u00a0\u00bb24px\u00a0\u00bb header_line_height=\u00a0\u00bb1.4em\u00a0\u00bb] NICE, LA PROMENADE DES ANGLAIS :UNE ADRESSE STRAT\u00c9GIQUE ET PRESTIGIEUSE [\/et_pb_text][et_pb_text _builder_version=\u00a0\u00bb3.19.4&Prime; text_font=\u00a0\u00bbDroid Sans||||||||\u00a0\u00bb] Au coeur de la C\u00f4te d\u2019Azur et sous un ciel \u00e9clatant, Nice \u00e9tincelle de splendeur. Quelle grande m\u00e9tropole ne [&hellip;]<\/p>\n","protected":false},"author":1,"featured_media":0,"parent":0,"menu_order":0,"comment_status":"closed","ping_status":"closed","template":"","meta":{"_et_pb_use_builder":"on","_et_pb_old_content":""},"yoast_head":"<!-- This site is optimized with the Yoast SEO plugin v21.1 - https:\/\/yoast.com\/wordpress\/plugins\/seo\/ -->\n<title>Promenade des Anglais - Air Promenade<\/title>\n<meta name=\"description\" content=\"Nice, la promenade des Anglais, une adresse strat\u00e9gique et prestigieuse au coeur de la C\u00f4te d\u2019Azur.\" \/>\n<meta name=\"robots\" content=\"index, follow, max-snippet:-1, max-image-preview:large, max-video-preview:-1\" \/>\n<link rel=\"canonical\" href=\"https:\/\/www.airpromenade.com\/site\/promenade-des-anglais\/\" \/>\n<meta property=\"og:locale\" content=\"fr_FR\" \/>\n<meta property=\"og:type\" content=\"article\" \/>\n<meta property=\"og:title\" content=\"Promenade des Anglais - Air Promenade\" \/>\n<meta property=\"og:description\" content=\"Nice, la promenade des Anglais, une adresse strat\u00e9gique et prestigieuse au coeur de la C\u00f4te d\u2019Azur.\" \/>\n<meta property=\"og:url\" content=\"https:\/\/www.airpromenade.com\/site\/promenade-des-anglais\/\" \/>\n<meta property=\"og:site_name\" content=\"Air Promenade\" \/>\n<meta property=\"article:modified_time\" content=\"2022-03-08T07:27:04+00:00\" \/>\n<meta property=\"og:image\" content=\"https:\/\/www.airpromenade.com\/site\/wp-content\/uploads\/2019\/04\/logo-bleu-footer.jpg\" \/>\n<meta name=\"twitter:card\" content=\"summary_large_image\" \/>\n<meta name=\"twitter:label1\" content=\"Dur\u00e9e de lecture estim\u00e9e\" \/>\n\t<meta name=\"twitter:data1\" content=\"3 minutes\" \/>\n<script type=\"application\/ld+json\" class=\"yoast-schema-graph\">{\"@context\":\"https:\/\/schema.org\",\"@graph\":[{\"@type\":\"WebPage\",\"@id\":\"https:\/\/www.airpromenade.com\/site\/promenade-des-anglais\/\",\"url\":\"https:\/\/www.airpromenade.com\/site\/promenade-des-anglais\/\",\"name\":\"Promenade des Anglais - Air Promenade\",\"isPartOf\":{\"@id\":\"https:\/\/www.airpromenade.com\/site\/#website\"},\"datePublished\":\"2019-04-22T17:33:36+00:00\",\"dateModified\":\"2022-03-08T07:27:04+00:00\",\"description\":\"Nice, la promenade des Anglais, une adresse strat\u00e9gique et prestigieuse au coeur de la C\u00f4te d\u2019Azur.\",\"breadcrumb\":{\"@id\":\"https:\/\/www.airpromenade.com\/site\/promenade-des-anglais\/#breadcrumb\"},\"inLanguage\":\"fr-FR\",\"potentialAction\":[{\"@type\":\"ReadAction\",\"target\":[\"https:\/\/www.airpromenade.com\/site\/promenade-des-anglais\/\"]}]},{\"@type\":\"BreadcrumbList\",\"@id\":\"https:\/\/www.airpromenade.com\/site\/promenade-des-anglais\/#breadcrumb\",\"itemListElement\":[{\"@type\":\"ListItem\",\"position\":1,\"name\":\"Accueil\",\"item\":\"https:\/\/www.airpromenade.com\/site\/\"},{\"@type\":\"ListItem\",\"position\":2,\"name\":\"Promenade des Anglais\"}]},{\"@type\":\"WebSite\",\"@id\":\"https:\/\/www.airpromenade.com\/site\/#website\",\"url\":\"https:\/\/www.airpromenade.com\/site\/\",\"name\":\"Air Promenade\",\"description\":\"\",\"potentialAction\":[{\"@type\":\"SearchAction\",\"target\":{\"@type\":\"EntryPoint\",\"urlTemplate\":\"https:\/\/www.airpromenade.com\/site\/?s={search_term_string}\"},\"query-input\":\"required name=search_term_string\"}],\"inLanguage\":\"fr-FR\"}]}<\/script>\n<!-- \/ Yoast SEO plugin. -->","yoast_head_json":{"title":"Promenade des Anglais - Air Promenade","description":"Nice, la promenade des Anglais, une adresse strat\u00e9gique et prestigieuse au coeur de la C\u00f4te d\u2019Azur.","robots":{"index":"index","follow":"follow","max-snippet":"max-snippet:-1","max-image-preview":"max-image-preview:large","max-video-preview":"max-video-preview:-1"},"canonical":"https:\/\/www.airpromenade.com\/site\/promenade-des-anglais\/","og_locale":"fr_FR","og_type":"article","og_title":"Promenade des Anglais - Air Promenade","og_description":"Nice, la promenade des Anglais, une adresse strat\u00e9gique et prestigieuse au coeur de la C\u00f4te d\u2019Azur.","og_url":"https:\/\/www.airpromenade.com\/site\/promenade-des-anglais\/","og_site_name":"Air Promenade","article_modified_time":"2022-03-08T07:27:04+00:00","og_image":[{"url":"https:\/\/www.airpromenade.com\/site\/wp-content\/uploads\/2019\/04\/logo-bleu-footer.jpg"}],"twitter_card":"summary_large_image","twitter_misc":{"Dur\u00e9e de lecture estim\u00e9e":"3 minutes"},"schema":{"@context":"https:\/\/schema.org","@graph":[{"@type":"WebPage","@id":"https:\/\/www.airpromenade.com\/site\/promenade-des-anglais\/","url":"https:\/\/www.airpromenade.com\/site\/promenade-des-anglais\/","name":"Promenade des Anglais - Air Promenade","isPartOf":{"@id":"https:\/\/www.airpromenade.com\/site\/#website"},"datePublished":"2019-04-22T17:33:36+00:00","dateModified":"2022-03-08T07:27:04+00:00","description":"Nice, la promenade des Anglais, une adresse strat\u00e9gique et prestigieuse au coeur de la C\u00f4te d\u2019Azur.","breadcrumb":{"@id":"https:\/\/www.airpromenade.com\/site\/promenade-des-anglais\/#breadcrumb"},"inLanguage":"fr-FR","potentialAction":[{"@type":"ReadAction","target":["https:\/\/www.airpromenade.com\/site\/promenade-des-anglais\/"]}]},{"@type":"BreadcrumbList","@id":"https:\/\/www.airpromenade.com\/site\/promenade-des-anglais\/#breadcrumb","itemListElement":[{"@type":"ListItem","position":1,"name":"Accueil","item":"https:\/\/www.airpromenade.com\/site\/"},{"@type":"ListItem","position":2,"name":"Promenade des Anglais"}]},{"@type":"WebSite","@id":"https:\/\/www.airpromenade.com\/site\/#website","url":"https:\/\/www.airpromenade.com\/site\/","name":"Air Promenade","description":"","potentialAction":[{"@type":"SearchAction","target":{"@type":"EntryPoint","urlTemplate":"https:\/\/www.airpromenade.com\/site\/?s={search_term_string}"},"query-input":"required name=search_term_string"}],"inLanguage":"fr-FR"}]}},"_links":{"self":[{"href":"https:\/\/www.airpromenade.com\/site\/wp-json\/wp\/v2\/pages\/100"}],"collection":[{"href":"https:\/\/www.airpromenade.com\/site\/wp-json\/wp\/v2\/pages"}],"about":[{"href":"https:\/\/www.airpromenade.com\/site\/wp-json\/wp\/v2\/types\/page"}],"author":[{"embeddable":true,"href":"https:\/\/www.airpromenade.com\/site\/wp-json\/wp\/v2\/users\/1"}],"replies":[{"embeddable":true,"href":"https:\/\/www.airpromenade.com\/site\/wp-json\/wp\/v2\/comments?post=100"}],"version-history":[{"count":86,"href":"https:\/\/www.airpromenade.com\/site\/wp-json\/wp\/v2\/pages\/100\/revisions"}],"predecessor-version":[{"id":798,"href":"https:\/\/www.airpromenade.com\/site\/wp-json\/wp\/v2\/pages\/100\/revisions\/798"}],"wp:attachment":[{"href":"https:\/\/www.airpromenade.com\/site\/wp-json\/wp\/v2\/media?parent=100"}],"curies":[{"name":"wp","href":"https:\/\/api.w.org\/{rel}","templated":true}]}}